{"id":80,"date":"2025-07-24T22:31:20","date_gmt":"2025-07-24T22:31:20","guid":{"rendered":"https:\/\/detuvidamx.org\/?page_id=80"},"modified":"2025-07-24T22:32:51","modified_gmt":"2025-07-24T22:32:51","slug":"seguridad","status":"publish","type":"page","link":"https:\/\/detuvidamx.org\/?page_id=80","title":{"rendered":"Seguridad"},"content":{"rendered":"\n<div class=\"wp-block-columns is-layout-flex wp-container-core-columns-is-layout-28f84493 wp-block-columns-is-layout-flex\">\n<div class=\"wp-block-column is-layout-flow wp-block-column-is-layout-flow\">\n<figure class=\"wp-block-image size-full\"><img loading=\"lazy\" decoding=\"async\" width=\"580\" height=\"715\" src=\"https:\/\/detuvidamx.org\/wp-content\/uploads\/2025\/07\/seguridad.png\" alt=\"\" class=\"wp-image-81\" srcset=\"https:\/\/detuvidamx.org\/wp-content\/uploads\/2025\/07\/seguridad.png 580w, https:\/\/detuvidamx.org\/wp-content\/uploads\/2025\/07\/seguridad-243x300.png 243w\" sizes=\"auto, (max-width: 580px) 100vw, 580px\" \/><\/figure>\n<\/div>\n\n\n\n<div class=\"wp-block-column is-layout-flow wp-block-column-is-layout-flow\">\n<p><strong><em>\u201cEsta organizaci\u00f3n comunitaria nos permite que, si alguien tiene alg\u00fan problema, sabe que tiene a m\u00e1s personas a su alrededor que vendr\u00e1n. Para nosotros eso es organizaci\u00f3n.\u201d<\/em><\/strong><\/p>\n\n\n\n<p>Por eso nosotros hemos visto que debemos juntarnos en grupo y apoyarnos, creando nuestra propia seguridad. Ya que ahora la inseguridad ha crecido. <\/p>\n<\/div>\n<\/div>\n\n\n\n<p>En much\u00edsimas comunidades de Chiapas ya no se puede salir a ciertas horas de la noche, est\u00e1 aumentando el consumo de drogas y los secuestros, dej\u00e1ndonos con la angustia de no saber d\u00f3nde est\u00e1n esas personas, en qu\u00e9 condiciones, o si ya est\u00e1n muertos. Ya no se siente la libertad como antes, hay m\u00e1s temor por la seguridad de nuestros ni\u00f1os. Ahora tambi\u00e9n hay grupos de mucho poder robando nuestras tierras, amenaz\u00e1ndonos, desplazando personas.<\/p>\n\n\n\n<p>Ante esto una de nuestras maneras centrales de trabajo es la constante comunicaci\u00f3n entre nuestras personas encargadas de la Comisi\u00f3n. Por ello seguimos prepar\u00e1ndonos con capacitaciones de diferentes organizaciones, y buscando apoyo para obtener m\u00e1s equipo t\u00e9cnico (como radios con sus bases), fortaleciendo nuestra red ante cualquier problema o emergencia. As\u00ed es como estamos al tanto, en el d\u00eda a d\u00eda, sobre el bienestar de nuestras comunidades, y pendientes de los movimientos de nuestros integrantes fuera de sus comunidades o de nuestra regi\u00f3n Tseltal.<\/p>\n\n\n\n<p><strong><em>\u201cEl gobierno no te toma en cuenta, el gobierno ya no te hace caso. Ya no te hace caso, \u00bfpor qu\u00e9?, porque saben ellos mismos que ellos son los que est\u00e1n haciendo que las cosas empeoren\u201d.<\/em><\/strong><strong><\/strong><\/p>\n\n\n\n<p>* Para esta comisi\u00f3n, elegimos el s\u00edmbolo antiguo de nuestra escritura maya para decir \u201cperro\u201d, que hoy, en nuestra lengua maya-tseltal de Chil\u00f3n decimos TZ\u2019I. Porque concordamos que el perro es un guardi\u00e1n, es un protector de las familias y de la comunidad. Tiene muy buen olfato para percibir los peligros y para saber qui\u00e9nes son las personas que se acercan, cuando ladra uno ya le est\u00e1 contestando el otro.<\/p>\n\n\n\n<figure class=\"wp-block-image size-large\"><img loading=\"lazy\" decoding=\"async\" width=\"1024\" height=\"450\" src=\"https:\/\/detuvidamx.org\/wp-content\/uploads\/2025\/07\/footer1-1024x450.png\" alt=\"\" class=\"wp-image-59\" srcset=\"https:\/\/detuvidamx.org\/wp-content\/uploads\/2025\/07\/footer1-1024x450.png 1024w, https:\/\/detuvidamx.org\/wp-content\/uploads\/2025\/07\/footer1-300x132.png 300w, https:\/\/detuvidamx.org\/wp-content\/uploads\/2025\/07\/footer1-768x337.png 768w, https:\/\/detuvidamx.org\/wp-content\/uploads\/2025\/07\/footer1.png 1139w\" sizes=\"auto, (max-width: 1024px) 100vw, 1024px\" \/><\/figure>\n","protected":false},"excerpt":{"rendered":"<p>\u201cEsta organizaci\u00f3n comunitaria nos permite que, si alguien tiene alg\u00fan problema, sabe que tiene a m\u00e1s personas a su alrededor que vendr\u00e1n. Para nosotros eso es organizaci\u00f3n.\u201d Por eso nosotros hemos visto que debemos juntarnos en grupo y apoyarnos, creando nuestra propia seguridad. Ya que ahora la inseguridad ha crecido. En much\u00edsimas comunidades de Chiapas [&hellip;]<\/p>\n","protected":false},"author":2,"featured_media":0,"parent":0,"menu_order":0,"comment_status":"closed","ping_status":"closed","template":"","meta":{"footnotes":""},"class_list":["post-80","page","type-page","status-publish","hentry"],"_links":{"self":[{"href":"https:\/\/detuvidamx.org\/index.php?rest_route=\/wp\/v2\/pages\/80","targetHints":{"allow":["GET"]}}],"collection":[{"href":"https:\/\/detuvidamx.org\/index.php?rest_route=\/wp\/v2\/pages"}],"about":[{"href":"https:\/\/detuvidamx.org\/index.php?rest_route=\/wp\/v2\/types\/page"}],"author":[{"embeddable":true,"href":"https:\/\/detuvidamx.org\/index.php?rest_route=\/wp\/v2\/users\/2"}],"replies":[{"embeddable":true,"href":"https:\/\/detuvidamx.org\/index.php?rest_route=%2Fwp%2Fv2%2Fcomments&post=80"}],"version-history":[{"count":2,"href":"https:\/\/detuvidamx.org\/index.php?rest_route=\/wp\/v2\/pages\/80\/revisions"}],"predecessor-version":[{"id":84,"href":"https:\/\/detuvidamx.org\/index.php?rest_route=\/wp\/v2\/pages\/80\/revisions\/84"}],"wp:attachment":[{"href":"https:\/\/detuvidamx.org\/index.php?rest_route=%2Fwp%2Fv2%2Fmedia&parent=80"}],"curies":[{"name":"wp","href":"https:\/\/api.w.org\/{rel}","templated":true}]}}