{"id":61,"date":"2025-07-23T19:48:48","date_gmt":"2025-07-23T19:48:48","guid":{"rendered":"https:\/\/detuvidamx.org\/?page_id=61"},"modified":"2025-07-24T22:16:46","modified_gmt":"2025-07-24T22:16:46","slug":"reconciliador-de-paz","status":"publish","type":"page","link":"https:\/\/detuvidamx.org\/?page_id=61","title":{"rendered":"RECONCILIADOR DE PAZ"},"content":{"rendered":"\n<figure class=\"wp-block-image aligncenter size-medium\"><img loading=\"lazy\" decoding=\"async\" width=\"239\" height=\"300\" src=\"https:\/\/detuvidamx.org\/wp-content\/uploads\/2025\/07\/reconciliador-239x300.png\" alt=\"\" class=\"wp-image-62\" srcset=\"https:\/\/detuvidamx.org\/wp-content\/uploads\/2025\/07\/reconciliador-239x300.png 239w, https:\/\/detuvidamx.org\/wp-content\/uploads\/2025\/07\/reconciliador.png 500w\" sizes=\"auto, (max-width: 239px) 100vw, 239px\" \/><\/figure>\n\n\n\n<p>Esta comisi\u00f3n est\u00e1 encargada de resolver los diferentes conflictos sociales que surgen dentro de nuestros pueblos, con el valor espiritual de la Paz como nuestra principal herramienta. Una palabra base en nuestra lengua tseltal es <strong>ICH\u2019EL TA MUK\u2019<\/strong>, que significa \u201crespetar\u201d, \u201ctomar en cuenta\u201d.<\/p>\n\n\n\n<p><strong><em>\u201cDefendernos con nuestra palabra, con nuestra propia voz\u201d<\/em><\/strong><\/p>\n\n\n\n<p>Nosotros buscamos soluci\u00f3n a los problemas comunitarios. Cuando no es un problema muy grande es bien resuelto por la comisi\u00f3n. En caso de que no tenga f\u00e1cil soluci\u00f3n, nuestros Reconciliadores de Paz llevan el caso a la fiscal\u00eda del Municipio de Chil\u00f3n&nbsp; (Ministerio P\u00fablico).&nbsp; Solemos tener problem\u00e1ticas con vecinos nuestros que no son parte de la organizaci\u00f3n; tenemos peleas, provocaciones de ellos, incluso hemos sido demandados injustamente y sin intenciones de resolverlo de forma comunitaria. Pero un principio nuestro es la paz, no responder con violencia, y solucionar los conflictos en comunidad.<\/p>\n\n\n\n<p>En los \u00faltimos a\u00f1os como Comisi\u00f3n acompa\u00f1amos a tres comunidades desplazadas por la inseguridad. Llevamos los casos al Ministerio P\u00fablico para pedir justicia, presion\u00e1ndoles. Ped\u00edamos, por ejemplo, que se les diera materiales para construir sus casas donde se reubicaron, pero no hicieron nada, porque no somos parte del Partido Pol\u00edtico y tambi\u00e9n porque ellos mismos tienen v\u00ednculos con los que crean la inseguridad. Finalmente, el Partido de Gobierno busc\u00f3 al representante de los desplazados, ofreciendo dinero para que se detuvieran en las denuncias y peticiones. Lamentablemente s\u00ed lograron comprar a representantes comunitarios de ese y otros casos. Por ello tambi\u00e9n estamos necesitando ayuda de abogados que quieran comprometerse con los Pueblos Originarios y sus luchas y Movimientos Sociales. Tener abogados aliados nos ayuda a presionar al Gobierno cuando no avanzan ciertos casos o cuando se nos acusa injustamente.<\/p>\n\n\n\n<p><strong><em>\u201cC\u00f3mo hacer que los j\u00f3venes no se vayan con los partidos pol\u00edticos, que sientan que hay un futuro, que sientan sentido para seguir en la organizaci\u00f3n nuestra.\u201d<\/em><\/strong><\/p>\n\n\n\n<p>Para nosotros muchas otras organizaciones ind\u00edgenas y aut\u00f3nomas son importantes. No somos parte del EZLN, pero ya estamos en uni\u00f3n con Las Abejas de Acteal, y estamos de acuerdo en c\u00f3mo trabajan las diferentes organizaciones ind\u00edgenas, c\u00f3mo caminan, somos hermanas y hermanos. Sabemos que tenemos muchas similitudes con ellos, y que alg\u00fan d\u00eda podemos trabajar m\u00e1s de la mano juntos. Tambi\u00e9n tenemos compa\u00f1eros que, a parte de la iglesia cat\u00f3lica, son de varias iglesias cristianas (7mo d\u00eda, pentecost\u00e9s, presbiteriano, bautista, testigos de Jehov\u00e1), pero eso no ha sido obst\u00e1culo para que continuemos unidos. Hasta ahora para nosotros no ha sido un problema, consideramos que no podemos excluirnos por temas de religi\u00f3n porque todos tenemos al mismo Dios.<\/p>\n\n\n\n<p><strong><em>\u201cInvito a otras naciones, a otros pueblos, que se levanten, porque el gobierno, lo que nos est\u00e1 ofreciendo, no es nada, no es nada. Hay que levantarse y decir ya basta, \u00a1ya no queremos m\u00e1s! Ya no queremos m\u00e1s violencia, \u00a1m\u00e1s derramamiento de sangre!\u201d.<\/em><\/strong><\/p>\n\n\n\n<p>* Para esta comisi\u00f3n, elegimos el s\u00edmbolo antiguo de nuestra escritura maya para decir \u201cAbuelo\u201d, que hoy, en nuestra lengua maya-tseltal de Chil\u00f3n decimos <strong>MAM<\/strong>. Porque los abuelos y abuelas son las personas que tienen la sabidur\u00eda, son quienes m\u00e1s a\u00f1os han vivido, y por eso tienen consejos y experiencias que ayudan a guiar mejor a la comunidad. Son de las personas m\u00e1s respetadas a escuchar cuando en el pueblo hay alg\u00fan problema que se necesita resolver, cuando la comunidad necesita saber en qu\u00e9 direcci\u00f3n caminar.<\/p>\n\n\n\n<figure class=\"wp-block-image size-large\"><img loading=\"lazy\" decoding=\"async\" width=\"1024\" height=\"450\" src=\"https:\/\/detuvidamx.org\/wp-content\/uploads\/2025\/07\/footer1-1024x450.png\" alt=\"\" class=\"wp-image-59\" srcset=\"https:\/\/detuvidamx.org\/wp-content\/uploads\/2025\/07\/footer1-1024x450.png 1024w, https:\/\/detuvidamx.org\/wp-content\/uploads\/2025\/07\/footer1-300x132.png 300w, https:\/\/detuvidamx.org\/wp-content\/uploads\/2025\/07\/footer1-768x337.png 768w, https:\/\/detuvidamx.org\/wp-content\/uploads\/2025\/07\/footer1.png 1139w\" sizes=\"auto, (max-width: 1024px) 100vw, 1024px\" \/><\/figure>\n","protected":false},"excerpt":{"rendered":"<p>Esta comisi\u00f3n est\u00e1 encargada de resolver los diferentes conflictos sociales que surgen dentro de nuestros pueblos, con el valor espiritual de la Paz como nuestra principal herramienta. Una palabra base en nuestra lengua tseltal es ICH\u2019EL TA MUK\u2019, que significa \u201crespetar\u201d, \u201ctomar en cuenta\u201d. \u201cDefendernos con nuestra palabra, con nuestra propia voz\u201d Nosotros buscamos soluci\u00f3n [&hellip;]<\/p>\n","protected":false},"author":2,"featured_media":0,"parent":0,"menu_order":0,"comment_status":"closed","ping_status":"closed","template":"","meta":{"footnotes":""},"class_list":["post-61","page","type-page","status-publish","hentry"],"_links":{"self":[{"href":"https:\/\/detuvidamx.org\/index.php?rest_route=\/wp\/v2\/pages\/61","targetHints":{"allow":["GET"]}}],"collection":[{"href":"https:\/\/detuvidamx.org\/index.php?rest_route=\/wp\/v2\/pages"}],"about":[{"href":"https:\/\/detuvidamx.org\/index.php?rest_route=\/wp\/v2\/types\/page"}],"author":[{"embeddable":true,"href":"https:\/\/detuvidamx.org\/index.php?rest_route=\/wp\/v2\/users\/2"}],"replies":[{"embeddable":true,"href":"https:\/\/detuvidamx.org\/index.php?rest_route=%2Fwp%2Fv2%2Fcomments&post=61"}],"version-history":[{"count":3,"href":"https:\/\/detuvidamx.org\/index.php?rest_route=\/wp\/v2\/pages\/61\/revisions"}],"predecessor-version":[{"id":76,"href":"https:\/\/detuvidamx.org\/index.php?rest_route=\/wp\/v2\/pages\/61\/revisions\/76"}],"wp:attachment":[{"href":"https:\/\/detuvidamx.org\/index.php?rest_route=%2Fwp%2Fv2%2Fmedia&parent=61"}],"curies":[{"name":"wp","href":"https:\/\/api.w.org\/{rel}","templated":true}]}}