{"id":32,"date":"2025-04-22T21:22:55","date_gmt":"2025-04-22T21:22:55","guid":{"rendered":"https:\/\/detuvidamx.org\/?page_id=32"},"modified":"2025-07-25T05:23:05","modified_gmt":"2025-07-25T05:23:05","slug":"agua-y-salud","status":"publish","type":"page","link":"https:\/\/detuvidamx.org\/?page_id=32","title":{"rendered":"Agua y Salud"},"content":{"rendered":"\n<div class=\"wp-block-columns is-layout-flex wp-container-core-columns-is-layout-28f84493 wp-block-columns-is-layout-flex\">\n<div class=\"wp-block-column is-layout-flow wp-block-column-is-layout-flow\">\n<figure class=\"wp-block-image size-full\"><img loading=\"lazy\" decoding=\"async\" width=\"586\" height=\"595\" src=\"https:\/\/detuvidamx.org\/wp-content\/uploads\/2025\/07\/agua.png\" alt=\"\" class=\"wp-image-94\" srcset=\"https:\/\/detuvidamx.org\/wp-content\/uploads\/2025\/07\/agua.png 586w, https:\/\/detuvidamx.org\/wp-content\/uploads\/2025\/07\/agua-295x300.png 295w\" sizes=\"auto, (max-width: 586px) 100vw, 586px\" \/><\/figure>\n<\/div>\n\n\n\n<div class=\"wp-block-column is-layout-flow wp-block-column-is-layout-flow\">\n<p>Queremos bienestar en nuestra organizaci\u00f3n, armon\u00eda, que no haya enfermedad. Por eso caminamos para cuidar m\u00e1s nuestras fuentes de agua y crear nuestro propio sistema de salud comunitaria con el uso de las Plantas Medicinales y la Parter\u00eda. <\/p>\n<\/div>\n<\/div>\n\n\n\n<p>Vemos muy importante una gesti\u00f3n aut\u00f3noma del agua que nos da la Madre Tierra, cuidando nuestros arroyos, r\u00edos y manantiales. Por eso estamos manteniendo las tradiciones antiguas como las fiestas de la \u201cSanta Cruz\u201d del mes de mayo, para agradecer a las aguas, a las lluvias. Sin embargo, las sequ\u00edas han sido muy fuertes, han habido muy pocas lluvias para recolectar el agua y se est\u00e1n secando los manantiales y arroyos. Muchos ahora tenemos que ir a cargar el agua desde muy lejos. En algunas comunidades se nos est\u00e1 restringiendo mucho el acceso al agua por parte del Municipio (mand\u00e1ndola cada 8 o 10 d\u00edas), y dando prioridad a quienes pertenecen al Partido Pol\u00edtico. En respuesta ya hemos hecho bloqueos de los caminos, hasta con mujeres embarazadas o cargando sus ni\u00f1os. Y a\u00fan as\u00ed hemos sido atacados f\u00edsicamente. \u00bfPor qu\u00e9 tenemos que pelear por ese vital l\u00edquido? En nuestra sagrada relaci\u00f3n con el agua para tambi\u00e9n una mejor salud, tenemos estos objetivos:<\/p>\n\n\n\n<ul class=\"wp-block-list\">\n<li>La instalaci\u00f3n de \u201cba\u00f1os secos\u201d, y m\u00e1s ahora que las fuentes de agua han bajado mucho. Estos ba\u00f1os secos tambi\u00e9n podr\u00edan ayudarnos para generar abono para la agricultura.<\/li>\n\n\n\n<li>Tecnolog\u00edas para filtrar el agua para beber, evitando as\u00ed enfermedades (diarrea, fiebre) por bacterias que afectan en su mayor\u00eda a nuestros ni\u00f1os. Tambi\u00e9n tecnolog\u00edas de reutilizaci\u00f3n de aguas jabonosas a trav\u00e9s de filtros naturales con plantas. Teniendo agua que sirva para hortalizas, ba\u00f1o y para los animales.<\/li>\n\n\n\n<li>Tecnolog\u00edas para almacenar m\u00e1s agua para nuestras comunidades, y tambi\u00e9n para poder canalizarla bien hacia las casas. Ya hemos pasado tiempos muy dif\u00edciles por la falta de agua y la falta de infraestructura para conducirla.<\/li>\n<\/ul>\n\n\n\n<p>En relaci\u00f3n a las plantas medicinales y a la parter\u00eda tradicional, vemos ahora la necesidad de volver a las pr\u00e1cticas m\u00e9dicas de nuestros antepasados, creando poco a poco nuestro sistema de salud comunitaria. Porque en los hospitales de Gobierno, para nosotros como pueblos Tseltales no hay buena atenci\u00f3n, o a veces no hay ni siquiera atenci\u00f3n. Si tienes el dinero s\u00ed recibes mejor trato y las medicinas, pero si no, te atienden cuando quieren y el trato es diferente, racista y grosero. Los m\u00e9dicos atienden mal a las mujeres embarazadas, y por negligencia ellas o sus hijos llegan a morir. El mejor hospital de esta regi\u00f3n est\u00e1 en la ciudad de Ocosingo, a m\u00e1s de una hora de aqu\u00ed, pero a\u00fan as\u00ed, traslad\u00e1ndonos con dificultades hasta all\u00e1, no hay seguridad en la atenci\u00f3n m\u00e9dica. Hace poco tiempo, una mujer en Ocosingo denunci\u00f3 ante el Ministerio P\u00fablico la muerte de su hijo culpando a un doctor que no supo atender el parto, y fue retenida hasta que quitara su denuncia. Por casos as\u00ed, como mujeres no sentimos seguridad para ir a un hospital a parir. Entonces debemos enfocarnos en las plantas medicinales, como lo hac\u00edan nuestros antepasados, y recibir a los beb\u00e9s con parteras tradicionales que nos cuiden bien y nos ayuden en nuestras propias casas.<\/p>\n\n\n\n<p>Tenemos un gran reto en esta comisi\u00f3n porque ya hemos perdido much\u00edsimo estos conocimientos en nuestras comunidades. Ahora muchos negamos el uso de las plantas; alguien se enferma y directo lo llevamos al hospital. Aunque sabemos que hay muchas plantas en nuestro territorio que nos sirven y que manejaban bien nuestros padres y abuelos. Pero ahora vemos c\u00f3mo s\u00f3lo unos cu\u00e1ntos tienen ese conocimiento. Estamos planeando que mediante talleres hay que fortalecernos en esa sabidur\u00eda. Los pocos que usamos plantas medicinales hemos comprobado que s\u00ed funcionan. Porque los medicamentos qu\u00edmicos muchas veces no quitan del todo el malestar. Con las plantas medicinales hemos visto cosas contrarias, que s\u00ed se genera una sanaci\u00f3n m\u00e1s profunda.<\/p>\n\n\n\n<p><strong><em>\u201cEn vez de que se siga acabando la medicina natural, necesitamos que tome fuerza, que vaya para arriba.\u201d<\/em><\/strong><strong><em><\/em><\/strong><\/p>\n\n\n\n<p>* Para esta comisi\u00f3n, elegimos el s\u00edmbolo antiguo de nuestra escritura maya para decir \u201cpez\u201d, que hoy, en nuestra lengua maya-tseltal de Chil\u00f3n decimos CHAY. Porque el pez es un animal del agua que para nosotros representa mucho este elemento vital que tanto necesitamos para beber, para ba\u00f1arnos, para regar los cultivos, para tener salud, \u00a1para vivir!<\/p>\n\n\n\n<figure class=\"wp-block-image size-large\"><img loading=\"lazy\" decoding=\"async\" width=\"1024\" height=\"450\" src=\"https:\/\/detuvidamx.org\/wp-content\/uploads\/2025\/07\/footer1-1024x450.png\" alt=\"\" class=\"wp-image-59\" srcset=\"https:\/\/detuvidamx.org\/wp-content\/uploads\/2025\/07\/footer1-1024x450.png 1024w, https:\/\/detuvidamx.org\/wp-content\/uploads\/2025\/07\/footer1-300x132.png 300w, https:\/\/detuvidamx.org\/wp-content\/uploads\/2025\/07\/footer1-768x337.png 768w, https:\/\/detuvidamx.org\/wp-content\/uploads\/2025\/07\/footer1.png 1139w\" sizes=\"auto, (max-width: 1024px) 100vw, 1024px\" \/><\/figure>\n","protected":false},"excerpt":{"rendered":"<p>Queremos bienestar en nuestra organizaci\u00f3n, armon\u00eda, que no haya enfermedad. Por eso caminamos para cuidar m\u00e1s nuestras fuentes de agua y crear nuestro propio sistema de salud comunitaria con el uso de las Plantas Medicinales y la Parter\u00eda. Vemos muy importante una gesti\u00f3n aut\u00f3noma del agua que nos da la Madre Tierra, cuidando nuestros arroyos, [&hellip;]<\/p>\n","protected":false},"author":2,"featured_media":0,"parent":0,"menu_order":0,"comment_status":"closed","ping_status":"closed","template":"","meta":{"footnotes":""},"class_list":["post-32","page","type-page","status-publish","hentry"],"_links":{"self":[{"href":"https:\/\/detuvidamx.org\/index.php?rest_route=\/wp\/v2\/pages\/32","targetHints":{"allow":["GET"]}}],"collection":[{"href":"https:\/\/detuvidamx.org\/index.php?rest_route=\/wp\/v2\/pages"}],"about":[{"href":"https:\/\/detuvidamx.org\/index.php?rest_route=\/wp\/v2\/types\/page"}],"author":[{"embeddable":true,"href":"https:\/\/detuvidamx.org\/index.php?rest_route=\/wp\/v2\/users\/2"}],"replies":[{"embeddable":true,"href":"https:\/\/detuvidamx.org\/index.php?rest_route=%2Fwp%2Fv2%2Fcomments&post=32"}],"version-history":[{"count":8,"href":"https:\/\/detuvidamx.org\/index.php?rest_route=\/wp\/v2\/pages\/32\/revisions"}],"predecessor-version":[{"id":95,"href":"https:\/\/detuvidamx.org\/index.php?rest_route=\/wp\/v2\/pages\/32\/revisions\/95"}],"wp:attachment":[{"href":"https:\/\/detuvidamx.org\/index.php?rest_route=%2Fwp%2Fv2%2Fmedia&parent=32"}],"curies":[{"name":"wp","href":"https:\/\/api.w.org\/{rel}","templated":true}]}}